{"id":9630,"date":"2022-03-28T21:49:26","date_gmt":"2022-03-28T21:49:26","guid":{"rendered":"http:\/\/www.ancestralsculptures.com\/?post_type=product&#038;p=9630"},"modified":"2023-08-01T13:31:20","modified_gmt":"2023-08-01T13:31:20","slug":"aztec-calendar-exact-replica-of-the-sun-stone-in-mexico","status":"publish","type":"product","link":"https:\/\/www.ancestralsculptures.com\/es_es\/producto\/aztec-calendar-exact-replica-of-the-sun-stone-in-mexico\/","title":{"rendered":"Aztec calendar , Exact replica of the &#8220;Sun Stone&#8221; in Mexico"},"content":{"rendered":"","protected":false},"excerpt":{"rendered":"<p>The Sun Stone, discovered on December 17, 1790, is a block of olivine basalt measuring 3.60 meters in diameter and 122 centimeters thick, the total weight of the monolith is around 24 tons.<br \/>\nIts carving dates back to the Mesoamerican Postclassic Period between 1250 and 1521 AD. C, it is considered that the Aztec Calendar was created during the last stage of the Mexica splendor.<br \/>\nThe monolith is arranged with a succession of concentric rings that have elements related to time, for example, it describes the duration of the months, the number of days that a year contained and the duration of the Mexica centuries.<br \/>\nIn the stone disk there are also lines and points arranged outwards that denote four directions and movements of the sun.<br \/>\nIn the center of the monolith is carved the face of Tonatiuh, known by the Aztecs as the fifth solar god (his name means tona: to make sun, tiuh: to go) and who was the leader of the sky.<br \/>\nThe Aztec Calendar was discovered on December 17, 1790. It is located next to the current Z\u00f3calo of Mexico City.<br \/>\nThe carved stone has a circular arrangement resembling the sun. In the center of the monument is the face of the solar god Tonatiuh. His tongue is shaped like a knife as a symbol of the human sacrifice that should be offered to the sun god to feed him and that he be reborn every day from the east (dawn), after his journey to the underworld (dusk).<\/p>\n<p>the first ring<br \/>\nIn the first ring, 20 figures are carved that symbolize the 20 days of the Mexica calendar, the first being the alligator (Cipactli), followed by the monkey (Ozomatl), the wind (Eh\u00e9calt), grass (Malinalli), house ( Calli), cane (Acatl), lizard (Cuetzpalin), jaguar (Ocelotl), snake (C\u00f3atl), eagle (Cuauhtli), Skull (Miquiztli), Buzzard (Cozcacuauhtli), Deer (M\u00e1zatl), Tremor (Ollin), Rabbit ( T\u00f3chtli), Flint(Tecpatl), Water(Atl), Rain(Quiahuitl), Dog(Izcuintli), Flower(X\u00f3chitl).<\/p>\n<p>the second ring<br \/>\nIn this ring are a series of square sections containing five points representing the days.<br \/>\nThe eight angles that divide the monument into eight parts may possibly represent the rays of the sun placed in the direction of the cardinal points.<\/p>\n<p>the third ring<br \/>\nIn the third ring are the jaws of two fire serpents (Xiuhc\u00f3atl), which surround the stone and face each other at the bottom.<br \/>\nEach section of them symbolizes the flames of fire and 52 annual cycles in which the Mexica century would be distributed. Each closing of the cycle was celebrated with the New Fire ceremony.<\/p>\n<p>the fourth ring<br \/>\nIn the fourth ring the stars of the night sky are carved. It contains 58 small circles that end in bands of amatl or amate paper, typically used during the pre-Hispanic period.<\/p>","protected":false},"featured_media":9631,"comment_status":"open","ping_status":"closed","template":"","meta":{"site-sidebar-layout":"default","site-content-layout":"default","ast-site-content-layout":"default","site-content-style":"default","site-sidebar-style":"default","ast-global-header-display":"","ast-banner-title-visibility":"","ast-main-header-display":"","ast-hfb-above-header-display":"","ast-hfb-below-header-display":"","ast-hfb-mobile-header-display":"","site-post-title":"","ast-breadcrumbs-content":"","ast-featured-img":"","footer-sml-layout":"","theme-transparent-header-meta":"default","adv-header-id-meta":"","stick-header-meta":"","header-above-stick-meta":"","header-main-stick-meta":"","header-below-stick-meta":"","astra-migrate-meta-layouts":"default","ast-page-background-enabled":"default","ast-page-background-meta":{"desktop":{"background-color":"var(--ast-global-color-4)","background-image":"","background-repeat":"repeat","background-position":"center center","background-size":"auto","background-attachment":"scroll","background-type":"","background-media":"","overlay-type":"","overlay-color":"","overlay-opacity":"","overlay-gradient":""},"tablet":{"background-color":"","background-image":"","background-repeat":"repeat","background-position":"center center","background-size":"auto","background-attachment":"scroll","background-type":"","background-media":"","overlay-type":"","overlay-color":"","overlay-opacity":"","overlay-gradient":""},"mobile":{"background-color":"","background-image":"","background-repeat":"repeat","background-position":"center center","background-size":"auto","background-attachment":"scroll","background-type":"","background-media":"","overlay-type":"","overlay-color":"","overlay-opacity":"","overlay-gradient":""}},"ast-content-background-meta":{"desktop":{"background-color":"var(--ast-global-color-5)","background-image":"","background-repeat":"repeat","background-position":"center center","background-size":"auto","background-attachment":"scroll","background-type":"","background-media":"","overlay-type":"","overlay-color":"","overlay-opacity":"","overlay-gradient":""},"tablet":{"background-color":"var(--ast-global-color-5)","background-image":"","background-repeat":"repeat","background-position":"center center","background-size":"auto","background-attachment":"scroll","background-type":"","background-media":"","overlay-type":"","overlay-color":"","overlay-opacity":"","overlay-gradient":""},"mobile":{"background-color":"var(--ast-global-color-5)","background-image":"","background-repeat":"repeat","background-position":"center center","background-size":"auto","background-attachment":"scroll","background-type":"","background-media":"","overlay-type":"","overlay-color":"","overlay-opacity":"","overlay-gradient":""}}},"product_brand":[],"product_cat":[238],"product_tag":[],"class_list":{"0":"post-9630","1":"product","2":"type-product","3":"status-publish","4":"has-post-thumbnail","6":"product_cat-prehistoriaprecolombina","7":"product_shipping_class-producto-medio","8":"desktop-align-left","9":"tablet-align-left","10":"mobile-align-left","12":"first","13":"instock","14":"taxable","15":"shipping-taxable","16":"purchasable","17":"product-type-simple"},"jetpack_sharing_enabled":true,"_links":{"self":[{"href":"https:\/\/www.ancestralsculptures.com\/es_es\/wp-json\/wp\/v2\/product\/9630","targetHints":{"allow":["GET"]}}],"collection":[{"href":"https:\/\/www.ancestralsculptures.com\/es_es\/wp-json\/wp\/v2\/product"}],"about":[{"href":"https:\/\/www.ancestralsculptures.com\/es_es\/wp-json\/wp\/v2\/types\/product"}],"replies":[{"embeddable":true,"href":"https:\/\/www.ancestralsculptures.com\/es_es\/wp-json\/wp\/v2\/comments?post=9630"}],"version-history":[{"count":1,"href":"https:\/\/www.ancestralsculptures.com\/es_es\/wp-json\/wp\/v2\/product\/9630\/revisions"}],"predecessor-version":[{"id":9634,"href":"https:\/\/www.ancestralsculptures.com\/es_es\/wp-json\/wp\/v2\/product\/9630\/revisions\/9634"}],"wp:featuredmedia":[{"embeddable":true,"href":"https:\/\/www.ancestralsculptures.com\/es_es\/wp-json\/wp\/v2\/media\/9631"}],"wp:attachment":[{"href":"https:\/\/www.ancestralsculptures.com\/es_es\/wp-json\/wp\/v2\/media?parent=9630"}],"wp:term":[{"taxonomy":"product_brand","embeddable":true,"href":"https:\/\/www.ancestralsculptures.com\/es_es\/wp-json\/wp\/v2\/product_brand?post=9630"},{"taxonomy":"product_cat","embeddable":true,"href":"https:\/\/www.ancestralsculptures.com\/es_es\/wp-json\/wp\/v2\/product_cat?post=9630"},{"taxonomy":"product_tag","embeddable":true,"href":"https:\/\/www.ancestralsculptures.com\/es_es\/wp-json\/wp\/v2\/product_tag?post=9630"}],"curies":[{"name":"wp","href":"https:\/\/api.w.org\/{rel}","templated":true}]}}