{"id":10119,"date":"2022-05-09T18:50:23","date_gmt":"2022-05-09T18:50:23","guid":{"rendered":"http:\/\/www.ancestralsculptures.com\/?post_type=product&#038;p=10119"},"modified":"2025-05-30T01:22:32","modified_gmt":"2025-05-29T23:22:32","slug":"le-genie-du-mal-sculpture-lucifer","status":"publish","type":"product","link":"https:\/\/www.ancestralsculptures.com\/es_es\/producto\/le-genie-du-mal-sculpture-lucifer\/","title":{"rendered":"Le G\u00e9nie du Mal Sculpture (Lucifer), Guillaume Geefs"},"content":{"rendered":"<p>Le g\u00e9nie du mal (or The Genius of Evil or The spirit of evil), known informally in English as Lucifer or The Lucifer of Li\u00e8ge[1] is a religious sculpture executed in white marble and installed in 1848 by the Belgian artist Guillaume Geefs. Francophone art historians often refer to the figure as an ange d\u00e9chu, a &#8220;fallen angel&#8221;.<\/p>\n<p>The sculpture is located in the elaborate pulpit of St. Paul&#8217;s Cathedral, Li\u00e8ge, and depicts a classically attractive man chained, seated, and nearly nude but for drapery gathered over his thighs, his full length ensconced within a mandorla of bat wings. Geefs&#8217; work replaces an earlier sculpture created for the space by his younger brother Joseph Geefs, L&#8217;ange du mal, which was removed from the cathedral because of its distracting allure and &#8220;unhealthy beauty&#8221;<\/p>\n","protected":false},"excerpt":{"rendered":"<p>Le g\u00e9nie du mal (or The Genius of Evil or The spirit of evil), known informally in English as Lucifer or The Lucifer of Li\u00e8ge[1] is a religious sculpture executed in white marble and installed in 1848 by the Belgian artist Guillaume Geefs. Francophone art historians often refer to the figure as an ange d\u00e9chu, [&hellip;]<\/p>\n","protected":false},"featured_media":10918,"comment_status":"open","ping_status":"closed","template":"","meta":{"site-sidebar-layout":"default","site-content-layout":"default","ast-site-content-layout":"default","site-content-style":"default","site-sidebar-style":"default","ast-global-header-display":"","ast-banner-title-visibility":"","ast-main-header-display":"","ast-hfb-above-header-display":"","ast-hfb-below-header-display":"","ast-hfb-mobile-header-display":"","site-post-title":"","ast-breadcrumbs-content":"","ast-featured-img":"","footer-sml-layout":"","theme-transparent-header-meta":"default","adv-header-id-meta":"","stick-header-meta":"","header-above-stick-meta":"","header-main-stick-meta":"","header-below-stick-meta":"","astra-migrate-meta-layouts":"default","ast-page-background-enabled":"default","ast-page-background-meta":{"desktop":{"background-color":"var(--ast-global-color-4)","background-image":"","background-repeat":"repeat","background-position":"center center","background-size":"auto","background-attachment":"scroll","background-type":"","background-media":"","overlay-type":"","overlay-color":"","overlay-opacity":"","overlay-gradient":""},"tablet":{"background-color":"","background-image":"","background-repeat":"repeat","background-position":"center center","background-size":"auto","background-attachment":"scroll","background-type":"","background-media":"","overlay-type":"","overlay-color":"","overlay-opacity":"","overlay-gradient":""},"mobile":{"background-color":"","background-image":"","background-repeat":"repeat","background-position":"center center","background-size":"auto","background-attachment":"scroll","background-type":"","background-media":"","overlay-type":"","overlay-color":"","overlay-opacity":"","overlay-gradient":""}},"ast-content-background-meta":{"desktop":{"background-color":"var(--ast-global-color-5)","background-image":"","background-repeat":"repeat","background-position":"center center","background-size":"auto","background-attachment":"scroll","background-type":"","background-media":"","overlay-type":"","overlay-color":"","overlay-opacity":"","overlay-gradient":""},"tablet":{"background-color":"var(--ast-global-color-5)","background-image":"","background-repeat":"repeat","background-position":"center center","background-size":"auto","background-attachment":"scroll","background-type":"","background-media":"","overlay-type":"","overlay-color":"","overlay-opacity":"","overlay-gradient":""},"mobile":{"background-color":"var(--ast-global-color-5)","background-image":"","background-repeat":"repeat","background-position":"center center","background-size":"auto","background-attachment":"scroll","background-type":"","background-media":"","overlay-type":"","overlay-color":"","overlay-opacity":"","overlay-gradient":""}}},"product_brand":[],"product_cat":[237],"product_tag":[261,258,259,260],"class_list":{"0":"post-10119","1":"product","2":"type-product","3":"status-publish","4":"has-post-thumbnail","6":"product_cat-barrocorenacimiento","7":"product_tag-guillaume-geefs","8":"product_tag-le-genie-du-mal","9":"product_tag-lucifer","10":"product_tag-satan","11":"pa_tamano-20cm","12":"pa_tamano-25cm","13":"pa_tamano-30cm","14":"pa_tamano-35cm","15":"pa_tamano-40cm","16":"pa_tamano-45cm","17":"pa_tamano-50cm","18":"desktop-align-left","19":"tablet-align-left","20":"mobile-align-left","22":"first","23":"instock","24":"taxable","25":"shipping-taxable","26":"purchasable","27":"product-type-variable"},"jetpack_sharing_enabled":true,"_links":{"self":[{"href":"https:\/\/www.ancestralsculptures.com\/es_es\/wp-json\/wp\/v2\/product\/10119","targetHints":{"allow":["GET"]}}],"collection":[{"href":"https:\/\/www.ancestralsculptures.com\/es_es\/wp-json\/wp\/v2\/product"}],"about":[{"href":"https:\/\/www.ancestralsculptures.com\/es_es\/wp-json\/wp\/v2\/types\/product"}],"replies":[{"embeddable":true,"href":"https:\/\/www.ancestralsculptures.com\/es_es\/wp-json\/wp\/v2\/comments?post=10119"}],"version-history":[{"count":3,"href":"https:\/\/www.ancestralsculptures.com\/es_es\/wp-json\/wp\/v2\/product\/10119\/revisions"}],"predecessor-version":[{"id":14449,"href":"https:\/\/www.ancestralsculptures.com\/es_es\/wp-json\/wp\/v2\/product\/10119\/revisions\/14449"}],"wp:featuredmedia":[{"embeddable":true,"href":"https:\/\/www.ancestralsculptures.com\/es_es\/wp-json\/wp\/v2\/media\/10918"}],"wp:attachment":[{"href":"https:\/\/www.ancestralsculptures.com\/es_es\/wp-json\/wp\/v2\/media?parent=10119"}],"wp:term":[{"taxonomy":"product_brand","embeddable":true,"href":"https:\/\/www.ancestralsculptures.com\/es_es\/wp-json\/wp\/v2\/product_brand?post=10119"},{"taxonomy":"product_cat","embeddable":true,"href":"https:\/\/www.ancestralsculptures.com\/es_es\/wp-json\/wp\/v2\/product_cat?post=10119"},{"taxonomy":"product_tag","embeddable":true,"href":"https:\/\/www.ancestralsculptures.com\/es_es\/wp-json\/wp\/v2\/product_tag?post=10119"}],"curies":[{"name":"wp","href":"https:\/\/api.w.org\/{rel}","templated":true}]}}